{"id":14,"date":"2020-08-29T02:18:07","date_gmt":"2020-08-29T02:18:07","guid":{"rendered":"https:\/\/demo.cmssuperheroes.com\/themeforest\/koira\/?page_id=14"},"modified":"2026-04-28T15:18:30","modified_gmt":"2026-04-28T15:18:30","slug":"news","status":"publish","type":"page","link":"https:\/\/jmatos.tryout.pt\/en\/noticias\/","title":{"rendered":"News"},"content":{"rendered":"\t\t<div data-elementor-type=\"wp-post\" data-elementor-id=\"14\" class=\"elementor elementor-14\" data-elementor-post-type=\"page\">\n\t\t\t\t<div class=\"elementor-element elementor-element-95c6389 e-flex e-con-boxed e-con e-parent\" data-id=\"95c6389\" data-element_type=\"container\" data-e-type=\"container\" data-settings=\"{&quot;background_background&quot;:&quot;classic&quot;}\">\r\n\t\t\t\t\t<div class=\"e-con-inner\">\r\n\t\t<div class=\"elementor-element elementor-element-4ca7acf e-con-full e-flex e-con e-child\" data-id=\"4ca7acf\" data-element_type=\"container\" data-e-type=\"container\">\r\n\t\t\t\t<div class=\"elementor-element elementor-element-0c4bbf3 elementor-widget elementor-widget-cms_heading\" data-id=\"0c4bbf3\" data-element_type=\"widget\" data-e-type=\"widget\" data-widget_type=\"cms_heading.default\">\n\t\t\t\t<div class=\"elementor-widget-container\">\n\t\t\t\t\t<div class=\"cms-heading-wrapper cms-heading-layout1\">\r\n    \r\n            <h1 class=\"custom-heading\">\r\n            <span >NOT\u00cdCIAS<\/span>\r\n        <\/h1>\r\n        \r\n    <\/div>\t\t\t\t<\/div>\n\t\t\t\t<\/div>\n\t\t\t\t<\/div>\r\n\t\t\t\t\t<\/div>\r\n\t\t\t\t<\/div>\r\n\t\t<div class=\"elementor-element elementor-element-1478087 e-flex e-con-boxed e-con e-parent\" data-id=\"1478087\" data-element_type=\"container\" data-e-type=\"container\">\r\n\t\t\t\t\t<div class=\"e-con-inner\">\r\n\t\t<div class=\"elementor-element elementor-element-26c256b e-con-full e-flex e-con e-child\" data-id=\"26c256b\" data-element_type=\"container\" data-e-type=\"container\">\r\n\t\t\t\t<div class=\"elementor-element elementor-element-735bdff elementor-grid-3 elementor-grid-tablet-2 elementor-grid-mobile-1 elementor-widget elementor-widget-loop-grid\" data-id=\"735bdff\" data-element_type=\"widget\" data-e-type=\"widget\" data-settings=\"{&quot;template_id&quot;:&quot;23122&quot;,&quot;columns&quot;:3,&quot;_skin&quot;:&quot;post&quot;,&quot;columns_tablet&quot;:&quot;2&quot;,&quot;columns_mobile&quot;:&quot;1&quot;,&quot;edit_handle_selector&quot;:&quot;[data-elementor-type=\\&quot;loop-item\\&quot;]&quot;,&quot;row_gap&quot;:{&quot;unit&quot;:&quot;px&quot;,&quot;size&quot;:&quot;&quot;,&quot;sizes&quot;:[]},&quot;row_gap_laptop&quot;:{&quot;unit&quot;:&quot;px&quot;,&quot;size&quot;:&quot;&quot;,&quot;sizes&quot;:[]},&quot;row_gap_tablet&quot;:{&quot;unit&quot;:&quot;px&quot;,&quot;size&quot;:&quot;&quot;,&quot;sizes&quot;:[]},&quot;row_gap_mobile&quot;:{&quot;unit&quot;:&quot;px&quot;,&quot;size&quot;:&quot;&quot;,&quot;sizes&quot;:[]}}\" data-widget_type=\"loop-grid.post\">\n\t\t\t\t<div class=\"elementor-widget-container\">\n\t\t\t\t\t\t\t<div class=\"elementor-loop-container elementor-grid\" role=\"list\">\r\n\t\t<style id=\"loop-dynamic-23122\">.e-loop-item-22674 .elementor-element.elementor-element-2f34a4b:not(.elementor-motion-effects-element-type-background), .e-loop-item-22674 .elementor-element.elementor-element-2f34a4b > .elementor-motion-effects-container > .elementor-motion-effects-layer{background-image:url(\"https:\/\/jmatos.tryout.pt\/wp-content\/uploads\/2026\/03\/A-filtracao-nao-e-apenas-uma-questao-ambiental.webp\");}<\/style><style id=\"loop-23122\">.elementor-23122 .elementor-element.elementor-element-0aa1a57{--display:flex;--flex-direction:column;--container-widget-width:100%;--container-widget-height:initial;--container-widget-flex-grow:0;--container-widget-align-self:initial;--flex-wrap-mobile:wrap;}.elementor-23122 .elementor-element.elementor-element-2f34a4b{--display:flex;--min-height:250px;--background-transition:0.3s;}.elementor-23122 .elementor-element.elementor-element-2f34a4b:not(.elementor-motion-effects-element-type-background), .elementor-23122 .elementor-element.elementor-element-2f34a4b > .elementor-motion-effects-container > .elementor-motion-effects-layer{background-position:top center;background-repeat:no-repeat;background-size:cover;}.elementor-23122 .elementor-element.elementor-element-2f34a4b:hover{background-color:#6B6B6B7A;}.elementor-23122 .elementor-element.elementor-element-e446005{--display:flex;--flex-direction:column;--container-widget-width:calc( ( 1 - var( --container-widget-flex-grow ) ) * 100% );--container-widget-height:initial;--container-widget-flex-grow:0;--container-widget-align-self:initial;--flex-wrap-mobile:wrap;--align-items:stretch;}.elementor-widget-heading .elementor-heading-title{font-family:var( --e-global-typography-primary-font-family ), Sans-serif;font-weight:var( --e-global-typography-primary-font-weight );color:var( --e-global-color-primary );}.elementor-23122 .elementor-element.elementor-element-f83fa7e .elementor-heading-title{font-size:18px;font-weight:400;color:var( --e-global-color-text );}.elementor-23122 .elementor-element.elementor-element-4a33697 .elementor-heading-title{font-size:25px;font-weight:600;line-height:30px;}.elementor-widget-text-editor{font-family:var( --e-global-typography-text-font-family ), Sans-serif;font-weight:var( --e-global-typography-text-font-weight );color:var( --e-global-color-text );}.elementor-widget-text-editor.elementor-drop-cap-view-stacked .elementor-drop-cap{background-color:var( --e-global-color-primary );}.elementor-widget-text-editor.elementor-drop-cap-view-framed .elementor-drop-cap, .elementor-widget-text-editor.elementor-drop-cap-view-default .elementor-drop-cap{color:var( --e-global-color-primary );border-color:var( --e-global-color-primary );}.elementor-widget-button .elementor-button{font-family:var( --e-global-typography-accent-font-family ), Sans-serif;font-weight:var( --e-global-typography-accent-font-weight );background-color:var( --e-global-color-accent );}.elementor-23122 .elementor-element.elementor-element-8cfd49b .elementor-button{fill:#FFFFFF;color:#FFFFFF;background-color:var( --e-global-color-8d8be17 );border-radius:0px 0px 0px 0px;}.elementor-23122 .elementor-element.elementor-element-8cfd49b .elementor-button:hover, .elementor-23122 .elementor-element.elementor-element-8cfd49b .elementor-button:focus{background-color:var( --e-global-color-a3cfc08 );}<\/style>\t\t<div data-elementor-type=\"loop-item\" data-elementor-id=\"23122\" class=\"elementor elementor-23122 e-loop-item e-loop-item-22674 post-22674 post type-post status-publish format-standard has-post-thumbnail hentry category-filtracao-ar-industrial tag-filtracao-ar-industrial\" data-elementor-post-type=\"elementor_library\" data-custom-edit-handle=\"1\">\r\n\t\t\t<div class=\"elementor-element elementor-element-0aa1a57 e-flex e-con-boxed e-con e-parent\" data-id=\"0aa1a57\" data-element_type=\"container\" data-e-type=\"container\">\r\n\t\t\t\t\t<div class=\"e-con-inner\">\r\n\t\t<a class=\"elementor-element elementor-element-2f34a4b e-con-full e-flex e-con e-child\" data-id=\"2f34a4b\" data-element_type=\"container\" data-e-type=\"container\" data-settings=\"{&quot;background_background&quot;:&quot;classic&quot;}\" href=\"https:\/\/jmatos.tryout.pt\/wp-content\/uploads\/2026\/03\/jm-blog-03.pdf\" target=\"_blank\" rel=\"nofollow\">\r\n\t\t\t\t<\/a>\r\n\t\t<div class=\"elementor-element elementor-element-e446005 e-con-full e-flex e-con e-child\" data-id=\"e446005\" data-element_type=\"container\" data-e-type=\"container\">\r\n\t\t\t\t<div class=\"elementor-element elementor-element-f83fa7e elementor-widget elementor-widget-heading\" data-id=\"f83fa7e\" data-element_type=\"widget\" data-e-type=\"widget\" data-widget_type=\"heading.default\">\n\t\t\t\t\t<span class=\"elementor-heading-title elementor-size-default\"><a href=\"https:\/\/jmatos.tryout.pt\/en\/tag\/filtracao-ar-industrial\/\" rel=\"tag\">Filtra\u00e7\u00e3o Ar Industrial<\/a><\/span>\t\t\t\t<\/div>\n\t\t\t\t<div class=\"elementor-element elementor-element-4a33697 elementor-widget elementor-widget-heading\" data-id=\"4a33697\" data-element_type=\"widget\" data-e-type=\"widget\" data-widget_type=\"heading.default\">\n\t\t\t\t\t<h2 class=\"elementor-heading-title elementor-size-default\">A filtra\u00e7\u00e3o n\u00e3o \u00e9 apenas uma quest\u00e3o ambiental!<\/h2>\t\t\t\t<\/div>\n\t\t\t\t<div class=\"elementor-element elementor-element-c5c6d96 elementor-widget elementor-widget-text-editor\" data-id=\"c5c6d96\" data-element_type=\"widget\" data-e-type=\"widget\" data-widget_type=\"text-editor.default\">\n\t\t\t\t\t\t\t\t\tEmbora certamente beneficie o meio ambiente e industrial, investir neste tipo de instala\u00e7\u00f5es pode oferecer m\u00faltiplas vantagens:\t\t\t\t\t\t\t\t<\/div>\n\t\t\t\t<div class=\"elementor-element elementor-element-8cfd49b elementor-widget elementor-widget-button\" data-id=\"8cfd49b\" data-element_type=\"widget\" data-e-type=\"widget\" data-widget_type=\"button.default\">\n\t\t\t\t\t\t\t\t\t\t<a class=\"elementor-button elementor-button-link elementor-size-sm\" href=\"https:\/\/jmatos.tryout.pt\/wp-content\/uploads\/2026\/03\/jm-blog-03.pdf\" target=\"_blank\">\n\t\t\t\t\t\t<span class=\"elementor-button-content-wrapper\">\n\t\t\t\t\t\t\t\t\t<span class=\"elementor-button-text\">Ver Artigo PDF<\/span>\n\t\t\t\t\t<\/span>\n\t\t\t\t\t<\/a>\n\t\t\t\t\t\t\t\t<\/div>\n\t\t\t\t<\/div>\r\n\t\t\t\t\t<\/div>\r\n\t\t\t\t<\/div>\r\n\t\t\t\t<\/div>\r\n\t\t<style id=\"loop-dynamic-23122\">.e-loop-item-22666 .elementor-element.elementor-element-2f34a4b:not(.elementor-motion-effects-element-type-background), .e-loop-item-22666 .elementor-element.elementor-element-2f34a4b > .elementor-motion-effects-container > .elementor-motion-effects-layer{background-image:url(\"https:\/\/jmatos.tryout.pt\/wp-content\/uploads\/2026\/03\/Instalar-para-reduzir-custos-industriais.webp\");}<\/style>\t\t<div data-elementor-type=\"loop-item\" data-elementor-id=\"23122\" class=\"elementor elementor-23122 e-loop-item e-loop-item-22666 post-22666 post type-post status-publish format-standard has-post-thumbnail hentry category-despoeiramento-industrial tag-despoeiramento-industrial\" data-elementor-post-type=\"elementor_library\" data-custom-edit-handle=\"1\">\r\n\t\t\t<div class=\"elementor-element elementor-element-0aa1a57 e-flex e-con-boxed e-con e-parent\" data-id=\"0aa1a57\" data-element_type=\"container\" data-e-type=\"container\">\r\n\t\t\t\t\t<div class=\"e-con-inner\">\r\n\t\t<a class=\"elementor-element elementor-element-2f34a4b e-con-full e-flex e-con e-child\" data-id=\"2f34a4b\" data-element_type=\"container\" data-e-type=\"container\" data-settings=\"{&quot;background_background&quot;:&quot;classic&quot;}\" href=\"https:\/\/jmatos.tryout.pt\/wp-content\/uploads\/2026\/03\/jm-blog-02.pdf\" target=\"_blank\" rel=\"nofollow\">\r\n\t\t\t\t<\/a>\r\n\t\t<div class=\"elementor-element elementor-element-e446005 e-con-full e-flex e-con e-child\" data-id=\"e446005\" data-element_type=\"container\" data-e-type=\"container\">\r\n\t\t\t\t<div class=\"elementor-element elementor-element-f83fa7e elementor-widget elementor-widget-heading\" data-id=\"f83fa7e\" data-element_type=\"widget\" data-e-type=\"widget\" data-widget_type=\"heading.default\">\n\t\t\t\t\t<span class=\"elementor-heading-title elementor-size-default\"><a href=\"https:\/\/jmatos.tryout.pt\/en\/tag\/despoeiramento-industrial\/\" rel=\"tag\">Despoeiramento Industrial<\/a><\/span>\t\t\t\t<\/div>\n\t\t\t\t<div class=\"elementor-element elementor-element-4a33697 elementor-widget elementor-widget-heading\" data-id=\"4a33697\" data-element_type=\"widget\" data-e-type=\"widget\" data-widget_type=\"heading.default\">\n\t\t\t\t\t<h2 class=\"elementor-heading-title elementor-size-default\">Instalar para reduzir custos industriais<\/h2>\t\t\t\t<\/div>\n\t\t\t\t<div class=\"elementor-element elementor-element-c5c6d96 elementor-widget elementor-widget-text-editor\" data-id=\"c5c6d96\" data-element_type=\"widget\" data-e-type=\"widget\" data-widget_type=\"text-editor.default\">\n\t\t\t\t\t\t\t\t\tEconomia come\u00e7a com a preven\u00e7\u00e3o, e a instala\u00e7\u00e3o de sistemas de despoeiramento industrial garante exatamente isso.\t\t\t\t\t\t\t\t<\/div>\n\t\t\t\t<div class=\"elementor-element elementor-element-8cfd49b elementor-widget elementor-widget-button\" data-id=\"8cfd49b\" data-element_type=\"widget\" data-e-type=\"widget\" data-widget_type=\"button.default\">\n\t\t\t\t\t\t\t\t\t\t<a class=\"elementor-button elementor-button-link elementor-size-sm\" href=\"https:\/\/jmatos.tryout.pt\/wp-content\/uploads\/2026\/03\/jm-blog-02.pdf\" target=\"_blank\">\n\t\t\t\t\t\t<span class=\"elementor-button-content-wrapper\">\n\t\t\t\t\t\t\t\t\t<span class=\"elementor-button-text\">Ver Artigo PDF<\/span>\n\t\t\t\t\t<\/span>\n\t\t\t\t\t<\/a>\n\t\t\t\t\t\t\t\t<\/div>\n\t\t\t\t<\/div>\r\n\t\t\t\t\t<\/div>\r\n\t\t\t\t<\/div>\r\n\t\t\t\t<\/div>\r\n\t\t<style id=\"loop-dynamic-23122\">.e-loop-item-77 .elementor-element.elementor-element-2f34a4b:not(.elementor-motion-effects-element-type-background), .e-loop-item-77 .elementor-element.elementor-element-2f34a4b > .elementor-motion-effects-container > .elementor-motion-effects-layer{background-image:url(\"https:\/\/jmatos.tryout.pt\/wp-content\/uploads\/2020\/12\/Quantos-tipos-de-filtracao-de-ar-industrial-existem.webp\");}<\/style>\t\t<div data-elementor-type=\"loop-item\" data-elementor-id=\"23122\" class=\"elementor elementor-23122 e-loop-item e-loop-item-77 post-77 post type-post status-publish format-standard has-post-thumbnail hentry category-ar-industrial tag-ar-industrial\" data-elementor-post-type=\"elementor_library\" data-custom-edit-handle=\"1\">\r\n\t\t\t<div class=\"elementor-element elementor-element-0aa1a57 e-flex e-con-boxed e-con e-parent\" data-id=\"0aa1a57\" data-element_type=\"container\" data-e-type=\"container\">\r\n\t\t\t\t\t<div class=\"e-con-inner\">\r\n\t\t<a class=\"elementor-element elementor-element-2f34a4b e-con-full e-flex e-con e-child\" data-id=\"2f34a4b\" data-element_type=\"container\" data-e-type=\"container\" data-settings=\"{&quot;background_background&quot;:&quot;classic&quot;}\" href=\"https:\/\/jmatos.tryout.pt\/wp-content\/uploads\/2020\/12\/jm-blog-01.pdf\" target=\"_blank\" rel=\"nofollow\">\r\n\t\t\t\t<\/a>\r\n\t\t<div class=\"elementor-element elementor-element-e446005 e-con-full e-flex e-con e-child\" data-id=\"e446005\" data-element_type=\"container\" data-e-type=\"container\">\r\n\t\t\t\t<div class=\"elementor-element elementor-element-f83fa7e elementor-widget elementor-widget-heading\" data-id=\"f83fa7e\" data-element_type=\"widget\" data-e-type=\"widget\" data-widget_type=\"heading.default\">\n\t\t\t\t\t<span class=\"elementor-heading-title elementor-size-default\"><a href=\"https:\/\/jmatos.tryout.pt\/en\/tag\/ar-industrial\/\" rel=\"tag\">Ar Industrial<\/a><\/span>\t\t\t\t<\/div>\n\t\t\t\t<div class=\"elementor-element elementor-element-4a33697 elementor-widget elementor-widget-heading\" data-id=\"4a33697\" data-element_type=\"widget\" data-e-type=\"widget\" data-widget_type=\"heading.default\">\n\t\t\t\t\t<h2 class=\"elementor-heading-title elementor-size-default\">Quantos tipos de filtra\u00e7\u00e3o de ar industrial existem?<\/h2>\t\t\t\t<\/div>\n\t\t\t\t<div class=\"elementor-element elementor-element-c5c6d96 elementor-widget elementor-widget-text-editor\" data-id=\"c5c6d96\" data-element_type=\"widget\" data-e-type=\"widget\" data-widget_type=\"text-editor.default\">\n\t\t\t\t\t\t\t\t\tFalar sobre filtra\u00e7\u00e3o de ar industrial \u00e9 bastante gen\u00e9rico, pois n\u00e3o existe um tipo \u00fanico de poluente. Podemos distinguir principalmente tr\u00eas.\t\t\t\t\t\t\t\t<\/div>\n\t\t\t\t<div class=\"elementor-element elementor-element-8cfd49b elementor-widget elementor-widget-button\" data-id=\"8cfd49b\" data-element_type=\"widget\" data-e-type=\"widget\" data-widget_type=\"button.default\">\n\t\t\t\t\t\t\t\t\t\t<a class=\"elementor-button elementor-button-link elementor-size-sm\" href=\"https:\/\/jmatos.tryout.pt\/wp-content\/uploads\/2020\/12\/jm-blog-01.pdf\" target=\"_blank\">\n\t\t\t\t\t\t<span class=\"elementor-button-content-wrapper\">\n\t\t\t\t\t\t\t\t\t<span class=\"elementor-button-text\">Ver Artigo PDF<\/span>\n\t\t\t\t\t<\/span>\n\t\t\t\t\t<\/a>\n\t\t\t\t\t\t\t\t<\/div>\n\t\t\t\t<\/div>\r\n\t\t\t\t\t<\/div>\r\n\t\t\t\t<\/div>\r\n\t\t\t\t<\/div>\r\n\t\t\t\t<\/div>\r\n\t\t\r\n\t\t\t\t\t\t<\/div>\n\t\t\t\t<\/div>\n\t\t\t\t<\/div>\r\n\t\t\t\t\t<\/div>\r\n\t\t\t\t<\/div>\r\n\t\t\t\t<\/div>\n\t\t","protected":false},"excerpt":{"rendered":"<p>NEWS<\/p>","protected":false},"author":1,"featured_media":0,"parent":0,"menu_order":0,"comment_status":"closed","ping_status":"closed","template":"elementor_header_footer","meta":{"_acf_changed":false,"rs_blank_template":"","rs_page_bg_color":"","slide_template_v7":"","footnotes":""},"class_list":["post-14","page","type-page","status-publish","hentry"],"acf":[],"_links":{"self":[{"href":"https:\/\/jmatos.tryout.pt\/en\/wp-json\/wp\/v2\/pages\/14","targetHints":{"allow":["GET"]}}],"collection":[{"href":"https:\/\/jmatos.tryout.pt\/en\/wp-json\/wp\/v2\/pages"}],"about":[{"href":"https:\/\/jmatos.tryout.pt\/en\/wp-json\/wp\/v2\/types\/page"}],"author":[{"embeddable":true,"href":"https:\/\/jmatos.tryout.pt\/en\/wp-json\/wp\/v2\/users\/1"}],"replies":[{"embeddable":true,"href":"https:\/\/jmatos.tryout.pt\/en\/wp-json\/wp\/v2\/comments?post=14"}],"version-history":[{"count":19,"href":"https:\/\/jmatos.tryout.pt\/en\/wp-json\/wp\/v2\/pages\/14\/revisions"}],"predecessor-version":[{"id":23193,"href":"https:\/\/jmatos.tryout.pt\/en\/wp-json\/wp\/v2\/pages\/14\/revisions\/23193"}],"wp:attachment":[{"href":"https:\/\/jmatos.tryout.pt\/en\/wp-json\/wp\/v2\/media?parent=14"}],"curies":[{"name":"wp","href":"https:\/\/api.w.org\/{rel}","templated":true}]}}