{"id":23008,"date":"2026-04-23T09:28:21","date_gmt":"2026-04-23T09:28:21","guid":{"rendered":"https:\/\/jmatos.tryout.pt\/?page_id=23008"},"modified":"2026-04-23T09:37:35","modified_gmt":"2026-04-23T09:37:35","slug":"privacy-policy","status":"publish","type":"page","link":"https:\/\/jmatos.tryout.pt\/en\/politica-de-privacidade\/","title":{"rendered":"Privacy Policy"},"content":{"rendered":"<div data-elementor-type=\"wp-page\" data-elementor-id=\"23008\" class=\"elementor elementor-23008\" data-elementor-post-type=\"page\">\n\t\t\t\t<div class=\"elementor-element elementor-element-edf2c39 e-con-full e-flex e-con e-parent\" data-id=\"edf2c39\" data-element_type=\"container\" data-e-type=\"container\" data-settings=\"{&quot;background_background&quot;:&quot;classic&quot;}\">\r\n\t\t\t\t<div class=\"elementor-element elementor-element-12672c3 elementor-widget elementor-widget-cms_heading\" data-id=\"12672c3\" data-element_type=\"widget\" data-e-type=\"widget\" data-widget_type=\"cms_heading.default\">\n\t\t\t\t<div class=\"elementor-widget-container\">\n\t\t\t\t\t<div class=\"cms-heading-wrapper cms-heading-layout1\">\r\n    \r\n            <h2 class=\"custom-heading\">\r\n            <span >Privacy Policy<\/span>\r\n        <\/h2>\r\n        \r\n    <\/div>\t\t\t\t<\/div>\n\t\t\t\t<\/div>\n\t\t\t\t<\/div>\r\n\t\t<div class=\"elementor-element elementor-element-f2bb5b9 e-flex e-con-boxed e-con e-parent\" data-id=\"f2bb5b9\" data-element_type=\"container\" data-e-type=\"container\">\r\n\t\t\t\t\t<div class=\"e-con-inner\">\r\n\t\t\t\t<div class=\"elementor-element elementor-element-816a975 elementor-widget elementor-widget-heading\" data-id=\"816a975\" data-element_type=\"widget\" data-e-type=\"widget\" data-widget_type=\"heading.default\">\n\t\t\t\t\t<h2 class=\"elementor-heading-title elementor-size-default\">What data is collected?<\/h2>\t\t\t\t<\/div>\n\t\t\t\t<div class=\"elementor-element elementor-element-967f2b7 elementor-widget elementor-widget-text-editor\" data-id=\"967f2b7\" data-element_type=\"widget\" data-e-type=\"widget\" data-widget_type=\"text-editor.default\">\n\t\t\t\t\t\t\t\t\t<p>All personal information collected will be used to help make your visit to our site as productive and enjoyable as possible.<\/p><p>The guarantee of the confidentiality of the personal data of the users of our site is important to JMATOS.<br \/><br \/><\/p><p>All personal information relating to members, subscribers, customers or visitors that is collected by JMATOS will be treated in accordance with the General Data Protection Regulation in force.<br \/><br \/><\/p><p>The personal information collected may include your name, e-mail address, telephone and\/or mobile phone number, address, and\/or others.<\/p><p>Use of our JMatos website implies acceptance of this Privacy Agreement. The JMatos team reserves the right to change this agreement without prior notice. We therefore recommend that you check our privacy policy regularly so that you are always up to date.<\/p>\t\t\t\t\t\t\t\t<\/div>\n\t\t\t\t<div class=\"elementor-element elementor-element-df112b7 elementor-widget elementor-widget-heading\" data-id=\"df112b7\" data-element_type=\"widget\" data-e-type=\"widget\" data-widget_type=\"heading.default\">\n\t\t\t\t\t<h2 class=\"elementor-heading-title elementor-size-default\">Links to third-party sites<\/h2>\t\t\t\t<\/div>\n\t\t\t\t<div class=\"elementor-element elementor-element-d46cfc3 elementor-widget elementor-widget-text-editor\" data-id=\"d46cfc3\" data-element_type=\"widget\" data-e-type=\"widget\" data-widget_type=\"text-editor.default\">\n\t\t\t\t\t\t\t\t\t<p>JMatos has links to other sites which we believe may contain useful information\/tools for our visitors. Our privacy policy does not apply to third party sites, so if you visit another site from ours you should read its privacy policy.<br \/><br \/>We are not responsible for the privacy policy or content of these sites.<\/p>\t\t\t\t\t\t\t\t<\/div>\n\t\t\t\t\t<\/div>\r\n\t\t\t\t<\/div>\r\n\t\t\t\t<\/div>","protected":false},"excerpt":{"rendered":"<p>Pol\u00edtica de Privacidade Que dados s\u00e3o recolhidos? Todas as informa\u00e7\u00f5es pessoais recolhidas, ser\u00e3o utilizadas para ajudar a tornar a sua visita ao nosso site o mais produtiva e agrad\u00e1vel poss\u00edvel. A garantia da confidencialidade dos dados pessoais dos utilizadores do nosso site \u00e9 importante para o JMATOS. Todas as informa\u00e7\u00f5es pessoais relativas a membros, assinantes, [&hellip;]<\/p>\n","protected":false},"author":2,"featured_media":0,"parent":0,"menu_order":0,"comment_status":"closed","ping_status":"closed","template":"elementor_header_footer","meta":{"_acf_changed":false,"rs_blank_template":"","rs_page_bg_color":"","slide_template_v7":"","footnotes":""},"class_list":["post-23008","page","type-page","status-publish","hentry"],"acf":[],"_links":{"self":[{"href":"https:\/\/jmatos.tryout.pt\/en\/wp-json\/wp\/v2\/pages\/23008","targetHints":{"allow":["GET"]}}],"collection":[{"href":"https:\/\/jmatos.tryout.pt\/en\/wp-json\/wp\/v2\/pages"}],"about":[{"href":"https:\/\/jmatos.tryout.pt\/en\/wp-json\/wp\/v2\/types\/page"}],"author":[{"embeddable":true,"href":"https:\/\/jmatos.tryout.pt\/en\/wp-json\/wp\/v2\/users\/2"}],"replies":[{"embeddable":true,"href":"https:\/\/jmatos.tryout.pt\/en\/wp-json\/wp\/v2\/comments?post=23008"}],"version-history":[{"count":9,"href":"https:\/\/jmatos.tryout.pt\/en\/wp-json\/wp\/v2\/pages\/23008\/revisions"}],"predecessor-version":[{"id":23017,"href":"https:\/\/jmatos.tryout.pt\/en\/wp-json\/wp\/v2\/pages\/23008\/revisions\/23017"}],"wp:attachment":[{"href":"https:\/\/jmatos.tryout.pt\/en\/wp-json\/wp\/v2\/media?parent=23008"}],"curies":[{"name":"wp","href":"https:\/\/api.w.org\/{rel}","templated":true}]}}