{"id":23008,"date":"2026-04-23T09:28:21","date_gmt":"2026-04-23T09:28:21","guid":{"rendered":"https:\/\/jmatos.tryout.pt\/?page_id=23008"},"modified":"2026-04-23T09:37:35","modified_gmt":"2026-04-23T09:37:35","slug":"politica-de-privacidad","status":"publish","type":"page","link":"https:\/\/jmatos.tryout.pt\/es\/politica-de-privacidade\/","title":{"rendered":"Pol\u00edtica de privacidad"},"content":{"rendered":"<div data-elementor-type=\"wp-page\" data-elementor-id=\"23008\" class=\"elementor elementor-23008\" data-elementor-post-type=\"page\">\n\t\t\t\t<div class=\"elementor-element elementor-element-edf2c39 e-con-full e-flex e-con e-parent\" data-id=\"edf2c39\" data-element_type=\"container\" data-e-type=\"container\" data-settings=\"{&quot;background_background&quot;:&quot;classic&quot;}\">\r\n\t\t\t\t<div class=\"elementor-element elementor-element-12672c3 elementor-widget elementor-widget-cms_heading\" data-id=\"12672c3\" data-element_type=\"widget\" data-e-type=\"widget\" data-widget_type=\"cms_heading.default\">\n\t\t\t\t<div class=\"elementor-widget-container\">\n\t\t\t\t\t<div class=\"cms-heading-wrapper cms-heading-layout1\">\r\n    \r\n            <h2 class=\"custom-heading\">\r\n            <span >Pol\u00edtica de privacidad<\/span>\r\n        <\/h2>\r\n        \r\n    <\/div>\t\t\t\t<\/div>\n\t\t\t\t<\/div>\n\t\t\t\t<\/div>\r\n\t\t<div class=\"elementor-element elementor-element-f2bb5b9 e-flex e-con-boxed e-con e-parent\" data-id=\"f2bb5b9\" data-element_type=\"container\" data-e-type=\"container\">\r\n\t\t\t\t\t<div class=\"e-con-inner\">\r\n\t\t\t\t<div class=\"elementor-element elementor-element-816a975 elementor-widget elementor-widget-heading\" data-id=\"816a975\" data-element_type=\"widget\" data-e-type=\"widget\" data-widget_type=\"heading.default\">\n\t\t\t\t\t<h2 class=\"elementor-heading-title elementor-size-default\">\u00bfQu\u00e9 datos se recogen?<\/h2>\t\t\t\t<\/div>\n\t\t\t\t<div class=\"elementor-element elementor-element-967f2b7 elementor-widget elementor-widget-text-editor\" data-id=\"967f2b7\" data-element_type=\"widget\" data-e-type=\"widget\" data-widget_type=\"text-editor.default\">\n\t\t\t\t\t\t\t\t\t<p>Toda la informaci\u00f3n personal recopilada se utilizar\u00e1 para que su visita a nuestro sitio sea lo m\u00e1s productiva y agradable posible.<\/p><p>La garant\u00eda de la confidencialidad de los datos personales de los usuarios de nuestro sitio es importante para JMATOS.<br \/><br \/><\/p><p>Toda la informaci\u00f3n personal relativa a miembros, suscriptores, clientes o visitantes que sea recopilada por JMATOS ser\u00e1 tratada de conformidad con el Reglamento General de Protecci\u00f3n de Datos vigente.<br \/><br \/><\/p><p>La informaci\u00f3n personal recopilada puede incluir su nombre, direcci\u00f3n de correo electr\u00f3nico, n\u00famero de tel\u00e9fono fijo y\/o m\u00f3vil, direcci\u00f3n y\/u otros.<\/p><p>El uso de nuestro sitio web JMatos implica la aceptaci\u00f3n de este acuerdo de privacidad. El equipo de JMatos se reserva el derecho a modificar este acuerdo sin previo aviso. Por lo tanto, le recomendamos que consulte nuestra pol\u00edtica de privacidad con regularidad para estar siempre al d\u00eda.<\/p>\t\t\t\t\t\t\t\t<\/div>\n\t\t\t\t<div class=\"elementor-element elementor-element-df112b7 elementor-widget elementor-widget-heading\" data-id=\"df112b7\" data-element_type=\"widget\" data-e-type=\"widget\" data-widget_type=\"heading.default\">\n\t\t\t\t\t<h2 class=\"elementor-heading-title elementor-size-default\">Enlaces a sitios de terceros<\/h2>\t\t\t\t<\/div>\n\t\t\t\t<div class=\"elementor-element elementor-element-d46cfc3 elementor-widget elementor-widget-text-editor\" data-id=\"d46cfc3\" data-element_type=\"widget\" data-e-type=\"widget\" data-widget_type=\"text-editor.default\">\n\t\t\t\t\t\t\t\t\t<p>JMatos tiene enlaces a otros sitios que creemos pueden contener informaci\u00f3n\/herramientas \u00fatiles para nuestros visitantes. Nuestra pol\u00edtica de privacidad no se aplica a los sitios de terceros, por lo que si visita otro sitio desde el nuestro deber\u00e1 leer su pol\u00edtica de privacidad.<br \/><br \/>No somos responsables de la pol\u00edtica de privacidad ni del contenido de estos sitios.<\/p>\t\t\t\t\t\t\t\t<\/div>\n\t\t\t\t\t<\/div>\r\n\t\t\t\t<\/div>\r\n\t\t\t\t<\/div>","protected":false},"excerpt":{"rendered":"<p>Pol\u00edtica de Privacidade Que dados s\u00e3o recolhidos? Todas as informa\u00e7\u00f5es pessoais recolhidas, ser\u00e3o utilizadas para ajudar a tornar a sua visita ao nosso site o mais produtiva e agrad\u00e1vel poss\u00edvel. A garantia da confidencialidade dos dados pessoais dos utilizadores do nosso site \u00e9 importante para o JMATOS. Todas as informa\u00e7\u00f5es pessoais relativas a membros, assinantes, [&hellip;]<\/p>\n","protected":false},"author":2,"featured_media":0,"parent":0,"menu_order":0,"comment_status":"closed","ping_status":"closed","template":"elementor_header_footer","meta":{"_acf_changed":false,"rs_blank_template":"","rs_page_bg_color":"","slide_template_v7":"","footnotes":""},"class_list":["post-23008","page","type-page","status-publish","hentry"],"acf":[],"_links":{"self":[{"href":"https:\/\/jmatos.tryout.pt\/es\/wp-json\/wp\/v2\/pages\/23008","targetHints":{"allow":["GET"]}}],"collection":[{"href":"https:\/\/jmatos.tryout.pt\/es\/wp-json\/wp\/v2\/pages"}],"about":[{"href":"https:\/\/jmatos.tryout.pt\/es\/wp-json\/wp\/v2\/types\/page"}],"author":[{"embeddable":true,"href":"https:\/\/jmatos.tryout.pt\/es\/wp-json\/wp\/v2\/users\/2"}],"replies":[{"embeddable":true,"href":"https:\/\/jmatos.tryout.pt\/es\/wp-json\/wp\/v2\/comments?post=23008"}],"version-history":[{"count":9,"href":"https:\/\/jmatos.tryout.pt\/es\/wp-json\/wp\/v2\/pages\/23008\/revisions"}],"predecessor-version":[{"id":23017,"href":"https:\/\/jmatos.tryout.pt\/es\/wp-json\/wp\/v2\/pages\/23008\/revisions\/23017"}],"wp:attachment":[{"href":"https:\/\/jmatos.tryout.pt\/es\/wp-json\/wp\/v2\/media?parent=23008"}],"curies":[{"name":"wp","href":"https:\/\/api.w.org\/{rel}","templated":true}]}}